{"id":10518,"date":"2025-10-06T22:04:56","date_gmt":"2025-10-06T22:04:56","guid":{"rendered":"https:\/\/tiendaenlinea.productoselzorro.com\/?post_type=product&#038;p=10518"},"modified":"2025-12-26T14:20:27","modified_gmt":"2025-12-26T20:20:27","slug":"cucharas-chicas-c50-pzas","status":"publish","type":"product","link":"https:\/\/tiendaenlinea.productoselzorro.com\/en\/product\/cucharas-chicas-c50-pzas\/","title":{"rendered":"Cuchara Pastelera C50 PZAS"},"content":{"rendered":"<p><strong>Caracter\u00edsticas:\u00a0<\/strong><\/p>\n<ul>\n<li>Bolsa con 20 piezas<\/li>\n<li>Hecho en M\u00e9xico<\/li>\n<li>Certificados para el contacto directo con alimentos<\/li>\n<li>Elaborados de Polipropileno blanco 100% virgen, garantizando la inocuidad del producto final<\/li>\n<li>Son reciclables, reutilizables y amigables con el medio ambiente<\/li>\n<li>Su versatilidad permite que sean ideales para fiestas o reuniones familiares<\/li>\n<\/ul>","protected":false},"excerpt":{"rendered":"<p>Cuchara Pastelera<\/p>\n<p><strong>\u00a1Qu\u00e9 comience la fiesta\u2026con nuestra l\u00ednea de cubiertos Party Classic!<\/strong><br \/>\nLas cucharas chicas Party Classic son ideales para acompa\u00f1arte en todas tus reuniones.<br \/>\nLos cubiertos de la l\u00ednea Party Classic est\u00e1n elaborados a base de materiales 100% v\u00edrgenes, dando como resultado un producto inocuo y seguro para el consumidor. Son reciclables y su resistencia te permite reutilizarlos m\u00e1s de una sola vez.<\/p>\n<p><strong>Caracter\u00edsticas:\u00a0<\/strong><\/p>\n<ul>\n<li>Bolsa con 50 piezas<\/li>\n<li>Hecho en M\u00e9xico<\/li>\n<li>Certificados para el contacto directo con alimentos<\/li>\n<li>Elaborados de Polipropileno blanco 100% virgen, garantizando la inocuidad del producto final<\/li>\n<li>Son reciclables, reutiizables y amigables con el medio ambiente<\/li>\n<li>Ideales para postres y pasteles<\/li>\n<\/ul>","protected":false},"featured_media":10519,"comment_status":"open","ping_status":"closed","template":"","meta":[],"product_brand":[349],"product_cat":[358],"product_tag":[369,356,361],"class_list":{"0":"post-10518","1":"product","2":"type-product","3":"status-publish","4":"has-post-thumbnail","6":"product_brand-chinet","7":"product_cat-cubiertos","8":"product_tag-cucharas","9":"product_tag-desechables","10":"product_tag-fiesta","12":"first","13":"instock","14":"taxable","15":"shipping-taxable","16":"purchasable","17":"product-type-simple"},"jetpack_sharing_enabled":true,"_links":{"self":[{"href":"https:\/\/tiendaenlinea.productoselzorro.com\/en\/wp-json\/wp\/v2\/product\/10518","targetHints":{"allow":["GET"]}}],"collection":[{"href":"https:\/\/tiendaenlinea.productoselzorro.com\/en\/wp-json\/wp\/v2\/product"}],"about":[{"href":"https:\/\/tiendaenlinea.productoselzorro.com\/en\/wp-json\/wp\/v2\/types\/product"}],"replies":[{"embeddable":true,"href":"https:\/\/tiendaenlinea.productoselzorro.com\/en\/wp-json\/wp\/v2\/comments?post=10518"}],"version-history":[{"count":0,"href":"https:\/\/tiendaenlinea.productoselzorro.com\/en\/wp-json\/wp\/v2\/product\/10518\/revisions"}],"wp:featuredmedia":[{"embeddable":true,"href":"https:\/\/tiendaenlinea.productoselzorro.com\/en\/wp-json\/wp\/v2\/media\/10519"}],"wp:attachment":[{"href":"https:\/\/tiendaenlinea.productoselzorro.com\/en\/wp-json\/wp\/v2\/media?parent=10518"}],"wp:term":[{"taxonomy":"product_brand","embeddable":true,"href":"https:\/\/tiendaenlinea.productoselzorro.com\/en\/wp-json\/wp\/v2\/product_brand?post=10518"},{"taxonomy":"product_cat","embeddable":true,"href":"https:\/\/tiendaenlinea.productoselzorro.com\/en\/wp-json\/wp\/v2\/product_cat?post=10518"},{"taxonomy":"product_tag","embeddable":true,"href":"https:\/\/tiendaenlinea.productoselzorro.com\/en\/wp-json\/wp\/v2\/product_tag?post=10518"}],"curies":[{"name":"wp","href":"https:\/\/api.w.org\/{rel}","templated":true}]}}