{"id":10440,"date":"2025-10-04T20:44:35","date_gmt":"2025-10-04T20:44:35","guid":{"rendered":"https:\/\/tiendaenlinea.productoselzorro.com\/?post_type=product&#038;p=10440"},"modified":"2025-12-18T16:52:54","modified_gmt":"2025-12-18T22:52:54","slug":"servilletas-petalo-blanca-420-piezas-hoja-sencilla","status":"publish","type":"product","link":"https:\/\/tiendaenlinea.productoselzorro.com\/en\/product\/servilletas-petalo-blanca-420-piezas-hoja-sencilla\/","title":{"rendered":"Servilletas P\u00e9talo Blanca GRANDE 420 Piezas, Hoja Sencilla"},"content":{"rendered":"<p>Servilletas P\u00e9talo en presentaci\u00f3n de hoja sencilla, ideales para usar en tu mesa todos los d\u00edas. Ahora m\u00e1s rendidoras, resistentes, suaves y absorbentes que nunca. Multiusos y para toda ocasi\u00f3n.<\/p>","protected":false},"excerpt":{"rendered":"<div class=\"vtex-flex-layout-0-x-flexColChild vtex-flex-layout-0-x-flexColChild--global__product-center-col pb0\">\n<div class=\"vtex-store-components-3-x-productDescriptionContainer vtex-store-components-3-x-productDescriptionContainer--product-col__description\">\n<h2 class=\"vtex-store-components-3-x-productDescriptionTitle vtex-store-components-3-x-productDescriptionTitle--product-col__description t-heading-5 mb5 mt0\">Informaci\u00f3n<\/h2>\n<div class=\"vtex-store-components-3-x-productDescriptionText vtex-store-components-3-x-productDescriptionText--product-col__description c-muted-1\">\n<div class=\"vtex-store-components-3-x-container vtex-store-components-3-x-container--product-col__description relative\">\n<div class=\"vtex-store-components-3-x-content vtex-store-components-3-x-content--product-col__description h-auto\">\n<div>\n<p>Disfruta de la calidad de P\u00e9talo en tu mesa con las servilletas ideales para la hora de la comida.<\/p>\n<div><b>Las im\u00e1genes del producto son \u00fanicamente de referencia, el dise\u00f1o de etiquetas y el contenido (ml, L, Kg, g, piezas, etc) pueden cambiar y\/o variar sin previo aviso.<\/b><\/div>\n<\/div>\n<\/div>\n<\/div>\n<\/div>\n<\/div>\n<\/div>\n<div class=\"vtex-flex-layout-0-x-flexColChild vtex-flex-layout-0-x-flexColChild--global__product-center-col pb0\">\n<div class=\"flex flex-column pt8 chedrauimx-frontend-applications-5-x-containerDescription\">\n<p><span class=\"chedrauimx-frontend-applications-5-x-titleDescription\">Caracter\u00edsticas Importantes<\/span><\/p>\n<ul class=\"chedrauimx-frontend-applications-5-x-descriptionList\">\n<li class=\"chedrauimx-frontend-applications-5-x-listElement\">M\u00e1s absorbentes<\/li>\n<\/ul>\n<\/div>\n<\/div>","protected":false},"featured_media":10441,"comment_status":"open","ping_status":"closed","template":"","meta":[],"product_brand":[366],"product_cat":[359],"product_tag":[356,361,367],"class_list":{"0":"post-10440","1":"product","2":"type-product","3":"status-publish","4":"has-post-thumbnail","6":"product_brand-petalo","7":"product_cat-servilletas","8":"product_tag-desechables","9":"product_tag-fiesta","10":"product_tag-servilletas","12":"first","13":"instock","14":"taxable","15":"shipping-taxable","16":"purchasable","17":"product-type-simple"},"jetpack_sharing_enabled":true,"_links":{"self":[{"href":"https:\/\/tiendaenlinea.productoselzorro.com\/en\/wp-json\/wp\/v2\/product\/10440","targetHints":{"allow":["GET"]}}],"collection":[{"href":"https:\/\/tiendaenlinea.productoselzorro.com\/en\/wp-json\/wp\/v2\/product"}],"about":[{"href":"https:\/\/tiendaenlinea.productoselzorro.com\/en\/wp-json\/wp\/v2\/types\/product"}],"replies":[{"embeddable":true,"href":"https:\/\/tiendaenlinea.productoselzorro.com\/en\/wp-json\/wp\/v2\/comments?post=10440"}],"version-history":[{"count":0,"href":"https:\/\/tiendaenlinea.productoselzorro.com\/en\/wp-json\/wp\/v2\/product\/10440\/revisions"}],"wp:featuredmedia":[{"embeddable":true,"href":"https:\/\/tiendaenlinea.productoselzorro.com\/en\/wp-json\/wp\/v2\/media\/10441"}],"wp:attachment":[{"href":"https:\/\/tiendaenlinea.productoselzorro.com\/en\/wp-json\/wp\/v2\/media?parent=10440"}],"wp:term":[{"taxonomy":"product_brand","embeddable":true,"href":"https:\/\/tiendaenlinea.productoselzorro.com\/en\/wp-json\/wp\/v2\/product_brand?post=10440"},{"taxonomy":"product_cat","embeddable":true,"href":"https:\/\/tiendaenlinea.productoselzorro.com\/en\/wp-json\/wp\/v2\/product_cat?post=10440"},{"taxonomy":"product_tag","embeddable":true,"href":"https:\/\/tiendaenlinea.productoselzorro.com\/en\/wp-json\/wp\/v2\/product_tag?post=10440"}],"curies":[{"name":"wp","href":"https:\/\/api.w.org\/{rel}","templated":true}]}}