{"id":10407,"date":"2025-10-04T18:31:59","date_gmt":"2025-10-04T18:31:59","guid":{"rendered":"https:\/\/tiendaenlinea.productoselzorro.com\/?post_type=product&#038;p=10407"},"modified":"2026-01-14T12:42:57","modified_gmt":"2026-01-14T18:42:57","slug":"vaso-plastico-12-311ml","status":"publish","type":"product","link":"https:\/\/tiendaenlinea.productoselzorro.com\/en\/product\/vaso-plastico-12-311ml\/","title":{"rendered":"Vaso Pl\u00e1stico Mediano #12 311ML C50 PZAS"},"content":{"rendered":"<p>Este vaso pl\u00e1stico puede ser considerado como el vaso mediano de pl\u00e1stico. Puede ser utilizado tanto adultos como ni\u00f1os<\/p>\n<p><a href=\"https:\/\/tiendaenlinea.productoselzorro.com\/wp-content\/uploads\/2025\/10\/vasop121.jpg\"><img fetchpriority=\"high\" decoding=\"async\" class=\"alignnone size-medium wp-image-10409\" src=\"https:\/\/tiendaenlinea.productoselzorro.com\/wp-content\/uploads\/2025\/10\/vasop121-295x300.jpg\" alt=\"\" width=\"295\" height=\"300\" srcset=\"https:\/\/tiendaenlinea.productoselzorro.com\/wp-content\/uploads\/2025\/10\/vasop121-295x300.jpg 295w, https:\/\/tiendaenlinea.productoselzorro.com\/wp-content\/uploads\/2025\/10\/vasop121-118x120.jpg 118w, https:\/\/tiendaenlinea.productoselzorro.com\/wp-content\/uploads\/2025\/10\/vasop121-300x305.jpg 300w, https:\/\/tiendaenlinea.productoselzorro.com\/wp-content\/uploads\/2025\/10\/vasop121.jpg 500w\" sizes=\"(max-width: 295px) 100vw, 295px\" \/><\/a><\/p>","protected":false},"excerpt":{"rendered":"<p>Este vaso pl\u00e1stico puede ser considerado como el vaso mediano de pl\u00e1stico. Puede ser utilizado tanto adultos como ni\u00f1os<\/p>","protected":false},"featured_media":10408,"comment_status":"closed","ping_status":"closed","template":"","meta":[],"product_brand":[344],"product_cat":[357,516],"product_tag":[356,361,360],"class_list":{"0":"post-10407","1":"product","2":"type-product","3":"status-publish","4":"has-post-thumbnail","6":"product_brand-reyma","7":"product_cat-vasos","8":"product_cat-vasosplasticos","9":"product_tag-desechables","10":"product_tag-fiesta","11":"product_tag-reyma","13":"first","14":"instock","15":"taxable","16":"shipping-taxable","17":"purchasable","18":"product-type-simple"},"jetpack_sharing_enabled":true,"_links":{"self":[{"href":"https:\/\/tiendaenlinea.productoselzorro.com\/en\/wp-json\/wp\/v2\/product\/10407","targetHints":{"allow":["GET"]}}],"collection":[{"href":"https:\/\/tiendaenlinea.productoselzorro.com\/en\/wp-json\/wp\/v2\/product"}],"about":[{"href":"https:\/\/tiendaenlinea.productoselzorro.com\/en\/wp-json\/wp\/v2\/types\/product"}],"replies":[{"embeddable":true,"href":"https:\/\/tiendaenlinea.productoselzorro.com\/en\/wp-json\/wp\/v2\/comments?post=10407"}],"version-history":[{"count":0,"href":"https:\/\/tiendaenlinea.productoselzorro.com\/en\/wp-json\/wp\/v2\/product\/10407\/revisions"}],"wp:featuredmedia":[{"embeddable":true,"href":"https:\/\/tiendaenlinea.productoselzorro.com\/en\/wp-json\/wp\/v2\/media\/10408"}],"wp:attachment":[{"href":"https:\/\/tiendaenlinea.productoselzorro.com\/en\/wp-json\/wp\/v2\/media?parent=10407"}],"wp:term":[{"taxonomy":"product_brand","embeddable":true,"href":"https:\/\/tiendaenlinea.productoselzorro.com\/en\/wp-json\/wp\/v2\/product_brand?post=10407"},{"taxonomy":"product_cat","embeddable":true,"href":"https:\/\/tiendaenlinea.productoselzorro.com\/en\/wp-json\/wp\/v2\/product_cat?post=10407"},{"taxonomy":"product_tag","embeddable":true,"href":"https:\/\/tiendaenlinea.productoselzorro.com\/en\/wp-json\/wp\/v2\/product_tag?post=10407"}],"curies":[{"name":"wp","href":"https:\/\/api.w.org\/{rel}","templated":true}]}}