{"id":16951,"date":"2026-02-04T16:20:59","date_gmt":"2026-02-04T22:20:59","guid":{"rendered":"https:\/\/tiendaenlinea.productoselzorro.com\/?page_id=16951"},"modified":"2026-02-05T12:01:15","modified_gmt":"2026-02-05T18:01:15","slug":"alta-a-directorio","status":"publish","type":"page","link":"https:\/\/tiendaenlinea.productoselzorro.com\/en\/alta-a-directorio\/","title":{"rendered":"Alta a Directorio"},"content":{"rendered":"<div data-elementor-type=\"wp-page\" data-elementor-id=\"16951\" class=\"elementor elementor-16951\" data-elementor-post-type=\"page\">\n\t\t\t\t<div class=\"elementor-element elementor-element-3685605 e-flex e-con-boxed e-con e-parent\" data-id=\"3685605\" data-element_type=\"container\">\n\t\t\t\t\t<div class=\"e-con-inner\">\n\t\t\t\t<div class=\"elementor-element elementor-element-03b2c7a elementor-widget elementor-widget-heading\" data-id=\"03b2c7a\" data-element_type=\"widget\" data-widget_type=\"heading.default\">\n\t\t\t\t\t<h2 class=\"elementor-heading-title elementor-size-default\">ALTA EN EL DIRECTORIO WEB \/ <span style=\"font-family: Arial, sans-serif;font-size: 14px;letter-spacing: normal;text-align: start\">Quer\u00e9taro<\/span><\/h2>\t\t\t\t<\/div>\n\t\t\t\t<div class=\"elementor-element elementor-element-56c3834 elementor-widget elementor-widget-text-editor\" data-id=\"56c3834\" data-element_type=\"widget\" data-widget_type=\"text-editor.default\">\n\t\t\t\t\t\t\t\t\t<p>De antemano te damos la gracias por el inter\u00e9s de darte de alta en el directorio de esta p\u00e1gina web. Queremos contarte que en febrero 2026 esta p\u00e1gina comenz\u00f3 su funcionamiento oficial.\u00a0<\/p><p>Esperamos que al menos 100 personas visiten la p\u00e1gina por d\u00eda, alcanzando los 200 visitantes diarios el siguiente mes.\u00a0<\/p><p>Los visitantes a la p\u00e1gina son personas que est\u00e1n organizandose para hacer una fiesta o reuni\u00f3n de todo tipo.<\/p><p>\u00a0Es por eso que nuestro objetivo principal son la dulcer\u00eda y desechables, \u00e1un cuando cubrimos otros tipos de productos.<\/p>\t\t\t\t\t\t\t\t<\/div>\n\t\t\t\t<div class=\"elementor-element elementor-element-88c903d elementor-widget elementor-widget-heading\" data-id=\"88c903d\" data-element_type=\"widget\" data-widget_type=\"heading.default\">\n\t\t\t\t\t<h2 class=\"elementor-heading-title elementor-size-default\">ESPACIOS DISPONIBLES<\/h2>\t\t\t\t<\/div>\n\t\t\t\t<div class=\"elementor-element elementor-element-6eb6304 elementor-widget elementor-widget-text-editor\" data-id=\"6eb6304\" data-element_type=\"widget\" data-widget_type=\"text-editor.default\">\n\t\t\t\t\t\t\t\t\t<p>Tenemos espacios disponibles en el directorio comercial, Productos artesanales y proveedores de fiesta. Por el momento no hay un costo de mensualidad por aparecer en nuestro directorio. Sin embargo, el alta a nuestro directorio es de 250 pesos.<\/p>\t\t\t\t\t\t\t\t<\/div>\n\t\t\t\t<div class=\"elementor-element elementor-element-11a7587 elementor-widget elementor-widget-heading\" data-id=\"11a7587\" data-element_type=\"widget\" data-widget_type=\"heading.default\">\n\t\t\t\t\t<h2 class=\"elementor-heading-title elementor-size-default\">\u00bfEN QUE CONSISTE EL ALTA?<\/h2>\t\t\t\t<\/div>\n\t\t\t\t<div class=\"elementor-element elementor-element-f53fd64 elementor-widget elementor-widget-text-editor\" data-id=\"f53fd64\" data-element_type=\"widget\" data-widget_type=\"text-editor.default\">\n\t\t\t\t\t\t\t\t\t<p>Tomando por ejemplo, la clasificaci\u00f3n de Provedores de fiestas.\u00a0 S\u00ed tu eres uno de los proveedores de alguna clasficaci\u00f3n existente entonces se crear\u00e1 el art\u00edculo dentro de la clasificaci\u00f3n existente, de lo contrario se crear\u00e1 una clasificaci\u00f3n nueva para que est\u00e9 publicado dentro de una cl\u00e1sificaci\u00f3n correcta.<\/p>\t\t\t\t\t\t\t\t<\/div>\n\t\t\t\t\t<\/div>\n\t\t\t\t<\/div>\n\t\t<div class=\"elementor-element elementor-element-6ea8988 e-flex e-con-boxed e-con e-parent\" data-id=\"6ea8988\" data-element_type=\"container\">\n\t\t\t\t\t<div class=\"e-con-inner\">\n\t\t\t\t<div class=\"elementor-element elementor-element-3b98a13 elementor-widget elementor-widget-image\" data-id=\"3b98a13\" data-element_type=\"widget\" data-widget_type=\"image.default\">\n\t\t\t\t\t\t\t\t\t\t\t\t\t\t\t<img fetchpriority=\"high\" decoding=\"async\" width=\"992\" height=\"302\" src=\"https:\/\/tiendaenlinea.productoselzorro.com\/wp-content\/uploads\/2026\/02\/ejemplo-1024x312.jpg\" class=\"attachment-large size-large wp-image-16957\" alt=\"\" srcset=\"https:\/\/tiendaenlinea.productoselzorro.com\/wp-content\/uploads\/2026\/02\/ejemplo-1024x312.jpg 1024w, https:\/\/tiendaenlinea.productoselzorro.com\/wp-content\/uploads\/2026\/02\/ejemplo-300x92.jpg 300w, https:\/\/tiendaenlinea.productoselzorro.com\/wp-content\/uploads\/2026\/02\/ejemplo-768x234.jpg 768w, https:\/\/tiendaenlinea.productoselzorro.com\/wp-content\/uploads\/2026\/02\/ejemplo-1536x469.jpg 1536w, https:\/\/tiendaenlinea.productoselzorro.com\/wp-content\/uploads\/2026\/02\/ejemplo-18x5.jpg 18w, https:\/\/tiendaenlinea.productoselzorro.com\/wp-content\/uploads\/2026\/02\/ejemplo-120x37.jpg 120w, https:\/\/tiendaenlinea.productoselzorro.com\/wp-content\/uploads\/2026\/02\/ejemplo-800x244.jpg 800w, https:\/\/tiendaenlinea.productoselzorro.com\/wp-content\/uploads\/2026\/02\/ejemplo.jpg 1875w\" sizes=\"(max-width: 992px) 100vw, 992px\" \/>\t\t\t\t\t\t\t\t\t\t\t\t\t\t\t<\/div>\n\t\t\t\t<div class=\"elementor-element elementor-element-7478e30 elementor-widget elementor-widget-heading\" data-id=\"7478e30\" data-element_type=\"widget\" data-widget_type=\"heading.default\">\n\t\t\t\t\t<h2 class=\"elementor-heading-title elementor-size-default\">\u00bfEN QUE CONSISTE EL ALTA?<\/h2>\t\t\t\t<\/div>\n\t\t\t\t<div class=\"elementor-element elementor-element-0be791b elementor-widget elementor-widget-text-editor\" data-id=\"0be791b\" data-element_type=\"widget\" data-widget_type=\"text-editor.default\">\n\t\t\t\t\t\t\t\t\t<p>Se realiza el pago del alta, cuando el pago se acredite, se contactar\u00e1 al cliente para obtener la informaci<span style=\"font-family: Roboto, sans-serif; font-size: 16px; letter-spacing: 0.8px;\">\u00f3<\/span><span style=\"font-size: 16px; letter-spacing: 0.8px;\">n necesaria para agregarlo al directorio. El contacto puede ser por whatsapp o llamada telef<\/span><span style=\"font-family: Roboto, sans-serif; font-size: 16px; letter-spacing: 0.8px;\">\u00f3<\/span><span style=\"font-size: 16px; letter-spacing: 0.8px;\">nica.El tiempo m\u00e1ximo puede ser hasta 5 dias posteriores a la acreditaci<\/span><span style=\"font-family: Roboto, sans-serif; font-size: 16px; letter-spacing: 0.8px;\">\u00f3<\/span><span style=\"font-size: 16px; letter-spacing: 0.8px;\">n del pago correspondiente.\u00a0<\/span><\/p>\t\t\t\t\t\t\t\t<\/div>\n\t\t\t\t<div class=\"elementor-element elementor-element-c395df1 elementor-widget elementor-widget-image\" data-id=\"c395df1\" data-element_type=\"widget\" data-widget_type=\"image.default\">\n\t\t\t\t\t\t\t\t\t\t\t\t\t\t\t<img decoding=\"async\" width=\"992\" height=\"413\" src=\"https:\/\/tiendaenlinea.productoselzorro.com\/wp-content\/uploads\/2026\/02\/dec-1024x426.jpg\" class=\"attachment-large size-large wp-image-16958\" alt=\"\" srcset=\"https:\/\/tiendaenlinea.productoselzorro.com\/wp-content\/uploads\/2026\/02\/dec-1024x426.jpg 1024w, https:\/\/tiendaenlinea.productoselzorro.com\/wp-content\/uploads\/2026\/02\/dec-300x125.jpg 300w, https:\/\/tiendaenlinea.productoselzorro.com\/wp-content\/uploads\/2026\/02\/dec-768x320.jpg 768w, https:\/\/tiendaenlinea.productoselzorro.com\/wp-content\/uploads\/2026\/02\/dec-1536x639.jpg 1536w, https:\/\/tiendaenlinea.productoselzorro.com\/wp-content\/uploads\/2026\/02\/dec-18x7.jpg 18w, https:\/\/tiendaenlinea.productoselzorro.com\/wp-content\/uploads\/2026\/02\/dec-120x50.jpg 120w, https:\/\/tiendaenlinea.productoselzorro.com\/wp-content\/uploads\/2026\/02\/dec-800x333.jpg 800w, https:\/\/tiendaenlinea.productoselzorro.com\/wp-content\/uploads\/2026\/02\/dec.jpg 1673w\" sizes=\"(max-width: 992px) 100vw, 992px\" \/>\t\t\t\t\t\t\t\t\t\t\t\t\t\t\t<\/div>\n\t\t\t\t<div class=\"elementor-element elementor-element-cb4d0b9 elementor-widget elementor-widget-heading\" data-id=\"cb4d0b9\" data-element_type=\"widget\" data-widget_type=\"heading.default\">\n\t\t\t\t\t<h2 class=\"elementor-heading-title elementor-size-default\">\u00bfCOSTOS?<\/h2>\t\t\t\t<\/div>\n\t\t\t\t<div class=\"elementor-element elementor-element-d6663fd elementor-widget elementor-widget-text-editor\" data-id=\"d6663fd\" data-element_type=\"widget\" data-widget_type=\"text-editor.default\">\n\t\t\t\t\t\t\t\t\t<p>A partir de abril 2026, comencemos a contactar a los anunciantes que forman parte del directorio para preguntar si continuar\u00e1n para solicitar si desea continuar con el servicio, o bien proceder a apagar el anuncio. Habr\u00e1n dos tipos de pagos por mensualidad. Normal (sin prioridad) o Premium el cual aparecera dentro de los primeros 6 resultados.<\/p>\t\t\t\t\t\t\t\t<\/div>\n\t\t\t\t<div class=\"elementor-element elementor-element-c7116fb elementor-widget elementor-widget-text-editor\" data-id=\"c7116fb\" data-element_type=\"widget\" data-widget_type=\"text-editor.default\">\n\t\t\t\t\t\t\t\t\t<p><b>A partir de Abril 2026:<\/b><\/p><p>Alta: 250 incluye un mes (unica vez) \/ Mes normal 150 pesos \/ Mes premium 600 pesos al mes (Dentro de los primeros 6 posiciones).\u00a0<\/p><p><b>Precios Especiales:<\/b><\/p><p>Categor\u00edas:<\/p><p>Fotograf\u00eda: 300 el mes \/ 1,000 premium. (Dentro de los primeras 6 posiciones).<\/p><p>Salones de eventos: 300 el mes \/ 1200 premium (Dentro de los primeras 6 posiciones).<\/p><p>**Una vez creado el anuncio, la modificaci\u00f3n y actualizaci\u00f3n podr\u00eda ocasionar costos adicionales a la mensualidad.<\/p><p>*Durante el paso del tiempo podrian cambiar las clasificaciones.<\/p>\t\t\t\t\t\t\t\t<\/div>\n\t\t\t\t<div class=\"elementor-element elementor-element-5f8e237 elementor-widget elementor-widget-heading\" data-id=\"5f8e237\" data-element_type=\"widget\" data-widget_type=\"heading.default\">\n\t\t\t\t\t<h2 class=\"elementor-heading-title elementor-size-default\"><span style=\"font-family: Roboto, sans-serif;font-size: 1.66667rem;letter-spacing: 0.8px\">\u00bf<\/span>Que elementos puede llevar mi anuncio?<\/h2>\t\t\t\t<\/div>\n\t\t\t\t<div class=\"elementor-element elementor-element-3797916 elementor-widget elementor-widget-text-editor\" data-id=\"3797916\" data-element_type=\"widget\" data-widget_type=\"text-editor.default\">\n\t\t\t\t\t\t\t\t\t<p>Tu anuncio puede llevar el nombre de tu negocio, 3 imagenes tipo fliers como encabezado, podr\u00e1s incluir redes sociales, pagina web, whatsapp y una carta de servicios que el cliente le permita encontrar si es el servicio que necesita para su evento.<\/p><p>**Posteriomente estaremos ofreciendo la opcion de integrar una mini pagina web con elementos como videos e integrarlos a la experiencia, con un dominio web dichas funciones ser\u00e1n completamente opcionales y con costo extra.<\/p>\t\t\t\t\t\t\t\t<\/div>\n\t\t\t\t<div class=\"elementor-element elementor-element-d80eb70 elementor-widget elementor-widget-heading\" data-id=\"d80eb70\" data-element_type=\"widget\" data-widget_type=\"heading.default\">\n\t\t\t\t\t<h2 class=\"elementor-heading-title elementor-size-default\"><span style=\"font-size: 1.66667rem;letter-spacing: 0.8px\">\u00bfCuando se comenzar<\/span><span style=\"font-size: 26.6667px\">\u00e9<\/span><span style=\"font-size: 1.66667rem;letter-spacing: 0.8px\"> a paga<\/span>r por mi anuncio?<\/h2>\t\t\t\t<\/div>\n\t\t\t\t<div class=\"elementor-element elementor-element-8cbbca8 elementor-widget elementor-widget-text-editor\" data-id=\"8cbbca8\" data-element_type=\"widget\" data-widget_type=\"text-editor.default\">\n\t\t\t\t\t\t\t\t\t<p>A partir de abril 2026, comenzaremos a contactar a los anunciantes que forman parte del directorio para preguntar si continuar\u00e1 vigente el anuncio, se procede a cobrar el mes o bien apagar el anuncio. Es importante, tener contar con el contacto directo del responsable para informar sobre cambios y vencimientos. Se puede realizar el pago del servicio por 6 meses y 12 meses.<\/p>\t\t\t\t\t\t\t\t<\/div>\n\t\t\t\t<div class=\"elementor-element elementor-element-9ab6aa3 elementor-widget elementor-widget-heading\" data-id=\"9ab6aa3\" data-element_type=\"widget\" data-widget_type=\"heading.default\">\n\t\t\t\t\t<h2 class=\"elementor-heading-title elementor-size-default\">Si, me interesa, quiero agregar mi anuncio.<\/h2>\t\t\t\t<\/div>\n\t\t\t\t\t<\/div>\n\t\t\t\t<\/div>\n\t\t<div class=\"elementor-element elementor-element-e8c3e59 e-flex e-con-boxed e-con e-parent\" data-id=\"e8c3e59\" data-element_type=\"container\">\n\t\t\t\t\t<div class=\"e-con-inner\">\n\t\t\t\t<div class=\"elementor-element elementor-element-51b7560 elementor-widget elementor-widget-clever-pricing-table\" data-id=\"51b7560\" data-element_type=\"widget\" data-widget_type=\"clever-pricing-table.default\">\n\t\t\t\t<div class=\"elementor-widget-container\">\n\t\t\t\t\t<div class=\"cafe-badge banner\"><span class=\"wrap-badge\"><span class=\"badge-text\"> NUEVO<\/span><\/span><\/div><div class=\"cafe-wrap-pricing-table default\">\r\n    <div class=\"cafe-wrap-block-heading badge-banner\">\r\n        <h3 class=\"cafe-heading\">Tarifas<\/h3>    <\/div>\r\n    <div class=\"cafe-wrap-price\">\r\n        <span class=\"cafe-price\"><span class=\"cafe-currency\"><\/span>Darte de alta<\/span><span class=\"cafe-duration\"> Con 250 pesos<\/span>    <\/div>\r\n            <ul class=\"cafe-wrap-list-features\">\r\n                                <li class=\"elementor-repeater-item-5848dde cafe-feature\"><i class=\"cs-font clever-icon-check\"><\/i> Incluye un mes de servicio.<\/li>\r\n                                    <li class=\"elementor-repeater-item-de8cf08 cafe-feature\"><i class=\"cs-font clever-icon-check\"><\/i> Mayor visibilidad de tu negocio.<\/li>\r\n                                    <li class=\"elementor-repeater-item-c892f29 cafe-feature\"><i class=\"cs-font clever-icon-check\"><\/i> Cubrimos la ciudad de Queretaro.<\/li>\r\n                                    <li class=\"elementor-repeater-item-553862c cafe-feature\"><i class=\"cs-font clever-icon-check\"><\/i> Sin grandes inversiones.<\/li>\r\n                        <\/ul>\r\n        <div class=\"cafe-wrap-button\"><a href=\"https:\/\/tiendaenlinea.productoselzorro.com\/en\/product\/alta-en-el-directorio\/\"   class=\"cafe-button normal\"> Comenzar ahora <\/a><\/div><\/div>\t\t\t\t<\/div>\n\t\t\t\t<\/div>\n\t\t\t\t<div class=\"elementor-element elementor-element-c43d40d elementor-widget elementor-widget-heading\" data-id=\"c43d40d\" data-element_type=\"widget\" data-widget_type=\"heading.default\">\n\t\t\t\t\t<h2 class=\"elementor-heading-title elementor-size-default\">DUDAS<\/h2>\t\t\t\t<\/div>\n\t\t\t\t<div class=\"elementor-element elementor-element-ccbdd36 elementor-widget elementor-widget-text-editor\" data-id=\"ccbdd36\" data-element_type=\"widget\" data-widget_type=\"text-editor.default\">\n\t\t\t\t\t\t\t\t\t<p>Sabemos que podrias tener dudas sobre este servicio, de cualquier forma puedes contactarnos a nuestro whatsApp y aclarar dudas al <a href=\"https:\/\/api.whatsapp.com\/send?phone=+524426805315&amp;text=Hola,%20me%20podrian%20apoyar%20con%20la%20informacion%20sobre%20el%20alta%20al%20directorio\">4426805315<\/a><\/p>\t\t\t\t\t\t\t\t<\/div>\n\t\t\t\t\t<\/div>\n\t\t\t\t<\/div>\n\t\t\t\t<\/div>","protected":false},"excerpt":{"rendered":"<p>ALTA EN EL DIRECTORIO WEB \/ Quer\u00e9taro De antemano te damos la gracias por el inter\u00e9s de darte de alta en el directorio de esta p\u00e1gina web. Queremos contarte que&#8230;<\/p>","protected":false},"author":1,"featured_media":0,"parent":0,"menu_order":0,"comment_status":"closed","ping_status":"closed","template":"elementor_header_footer","meta":{"footnotes":""},"class_list":["post-16951","page","type-page","status-publish","hentry"],"jetpack_sharing_enabled":true,"_links":{"self":[{"href":"https:\/\/tiendaenlinea.productoselzorro.com\/en\/wp-json\/wp\/v2\/pages\/16951","targetHints":{"allow":["GET"]}}],"collection":[{"href":"https:\/\/tiendaenlinea.productoselzorro.com\/en\/wp-json\/wp\/v2\/pages"}],"about":[{"href":"https:\/\/tiendaenlinea.productoselzorro.com\/en\/wp-json\/wp\/v2\/types\/page"}],"author":[{"embeddable":true,"href":"https:\/\/tiendaenlinea.productoselzorro.com\/en\/wp-json\/wp\/v2\/users\/1"}],"replies":[{"embeddable":true,"href":"https:\/\/tiendaenlinea.productoselzorro.com\/en\/wp-json\/wp\/v2\/comments?post=16951"}],"version-history":[{"count":85,"href":"https:\/\/tiendaenlinea.productoselzorro.com\/en\/wp-json\/wp\/v2\/pages\/16951\/revisions"}],"predecessor-version":[{"id":17054,"href":"https:\/\/tiendaenlinea.productoselzorro.com\/en\/wp-json\/wp\/v2\/pages\/16951\/revisions\/17054"}],"wp:attachment":[{"href":"https:\/\/tiendaenlinea.productoselzorro.com\/en\/wp-json\/wp\/v2\/media?parent=16951"}],"curies":[{"name":"wp","href":"https:\/\/api.w.org\/{rel}","templated":true}]}}