{"id":15239,"date":"2025-12-15T11:20:12","date_gmt":"2025-12-15T17:20:12","guid":{"rendered":"https:\/\/tiendaenlinea.productoselzorro.com\/?page_id=15239"},"modified":"2025-12-15T14:09:36","modified_gmt":"2025-12-15T20:09:36","slug":"desechables-para-negocio","status":"publish","type":"page","link":"https:\/\/tiendaenlinea.productoselzorro.com\/en\/desechables-para-negocio\/","title":{"rendered":"Desechables Para Negocio"},"content":{"rendered":"<div data-elementor-type=\"wp-page\" data-elementor-id=\"15239\" class=\"elementor elementor-15239\" data-elementor-post-type=\"page\">\n\t\t\t\t<div class=\"elementor-element elementor-element-0677ea5 e-con-full e-flex e-con e-parent\" data-id=\"0677ea5\" data-element_type=\"container\">\n\t\t\t\t<div class=\"elementor-element elementor-element-ed2a483 elementor-align-left elementor-widget elementor-widget-woolentor-breadcrumbs-addons\" data-id=\"ed2a483\" data-element_type=\"widget\" data-widget_type=\"woolentor-breadcrumbs-addons.default\">\n\t\t\t\t<div class=\"elementor-widget-container\">\n\t\t\t\t\t<div class=\"woolentor-breadcrumb\"><nav class=\"woocommerce-breadcrumb\" data-no-translation=\"\" data-trp-gettext=\"\">Home<\/nav><\/div>\t\t\t\t<\/div>\n\t\t\t\t<\/div>\n\t\t\t\t<\/div>\n\t\t<div class=\"elementor-element elementor-element-09ea5d0 e-con-full e-flex e-con e-parent\" data-id=\"09ea5d0\" data-element_type=\"container\">\n\t\t\t\t<div class=\"elementor-element elementor-element-838317d elementor-widget-mobile__width-initial elementor-widget elementor-widget-heading\" data-id=\"838317d\" data-element_type=\"widget\" data-widget_type=\"heading.default\">\n\t\t\t\t\t<h2 class=\"elementor-heading-title elementor-size-default\">Desechables Para Negocio<\/h2>\t\t\t\t<\/div>\n\t\t\t\t<\/div>\n\t\t<div class=\"elementor-element elementor-element-f9da290 e-con-full e-flex e-con e-parent\" data-id=\"f9da290\" data-element_type=\"container\">\n\t\t<div class=\"elementor-element elementor-element-0d91c61 e-grid e-con-full e-con e-child\" data-id=\"0d91c61\" data-element_type=\"container\" data-settings=\"{&quot;background_background&quot;:&quot;classic&quot;}\">\n\t\t\t\t<div class=\"elementor-element elementor-element-28df8fb elementor-widget-mobile__width-initial elementor-widget elementor-widget-heading\" data-id=\"28df8fb\" data-element_type=\"widget\" data-widget_type=\"heading.default\">\n\t\t\t\t\t<h3 class=\"elementor-heading-title elementor-size-default\">Departamentos<\/h3>\t\t\t\t<\/div>\n\t\t\t\t<div class=\"elementor-element elementor-element-18242e7 elementor-widget-mobile__width-initial elementor-widget elementor-widget-clever-site-nav-menu\" data-id=\"18242e7\" data-element_type=\"widget\" data-widget_type=\"clever-site-nav-menu.default\">\n\t\t\t\t<div class=\"elementor-widget-container\">\n\t\t\t\t\t    <nav class=\"cafe-site-menu horizontal icon-submenu-arrow hover-style-normal cafe-hamburger-off-canvas-effect left cafe-none-breakpoint\">\r\n                        <input id=\"cafe-hamburger-toggle-69f3956644d88\" class=\"cafe-hamburger-input-control\" type=\"checkbox\"\/>\r\n                <label class=\"cafe-hamburger-button\" for=\"cafe-hamburger-toggle-69f3956644d88\">\r\n                                        <span class=\"cafe-wrap-hamburger-icon\">\r\n                    <span class=\"cafe-hamburger-icon\"><\/span>\r\n                <\/span>\r\n                <\/label>\r\n                        <div class=\"cafe-wrap-menu\">\r\n                                    <label class=\"cafe-hamburger-close-button\" for=\"cafe-hamburger-toggle-69f3956644d88\">\r\n                        <i class=\"cs-font clever-icon-close\"><\/i>\r\n                    <\/label>\r\n                    <ul id=\"menu-best-categories\" class=\"cafe-menu\"><li id=\"menu-item-10278\" class=\"menu-item menu-item-type-custom menu-item-object-custom menu-item-10278\"><a href=\"https:\/\/tiendaenlinea.productoselzorro.com\/en\/abarrotes\/\">Abarrotes<\/a><\/li>\n<li id=\"menu-item-10276\" class=\"menu-item menu-item-type-custom menu-item-object-custom menu-item-10276\"><a href=\"https:\/\/tiendaenlinea.productoselzorro.com\/en\/desechables\/\">Desechables<\/a><\/li>\n<li id=\"menu-item-12094\" class=\"menu-item menu-item-type-custom menu-item-object-custom menu-item-12094\"><a href=\"https:\/\/tiendaenlinea.productoselzorro.com\/en\/dulceria\/\">Dulcer\u00eda<\/a><\/li>\n<li id=\"menu-item-10275\" class=\"menu-item menu-item-type-custom menu-item-object-custom menu-item-10275\"><a href=\"https:\/\/tiendaenlinea.productoselzorro.com\/en\/limpieza\/\">Productos de Limpieza<\/a><\/li>\n<li id=\"menu-item-10274\" class=\"menu-item menu-item-type-custom menu-item-object-custom menu-item-10274\"><a href=\"https:\/\/tiendaenlinea.productoselzorro.com\/en\/negocios\/\">Productos para Negocio<\/a><\/li>\n<\/ul>            <\/div>\r\n                            <label class=\"cafe-hamburger-mask\" for=\"cafe-hamburger-toggle-69f3956644d88\"><\/label>\r\n                    <\/nav>\r\n    \t\t\t\t<\/div>\n\t\t\t\t<\/div>\n\t\t\t\t<\/div>\n\t\t\t\t<\/div>\n\t\t<div class=\"elementor-element elementor-element-f7e7849 e-con-full e-flex e-con e-parent\" data-id=\"f7e7849\" data-element_type=\"container\">\n\t\t\t\t<div class=\"elementor-element elementor-element-6bd8f95 wl-columns-4 wl-columns-mobile-2 elementor-widget__width-inherit elementor-widget elementor-widget-wl-category-grid\" data-id=\"6bd8f95\" data-element_type=\"widget\" data-widget_type=\"wl-category-grid.default\">\n\t\t\t\t<div class=\"elementor-widget-container\">\n\t\t\t\t\t<div class=\"wl-row\" data-settings=\"\" >                <div class=\"wl-col-4\">\n\n                                            <div class=\"ht-category-wrap\">\n                                                        <div class=\"ht-category-image-3 ht-category-image-zoom\">\n                                <a href=\"https:\/\/tiendaenlinea.productoselzorro.com\/en\/product-category\/productosparanegocio\/bolsadeasa\/\">\n                                    <img fetchpriority=\"high\" decoding=\"async\" width=\"434\" height=\"432\" src=\"https:\/\/tiendaenlinea.productoselzorro.com\/wp-content\/uploads\/2025\/12\/bolsasaportada.jpg\" class=\"attachment-full size-full\" alt=\"\" srcset=\"https:\/\/tiendaenlinea.productoselzorro.com\/wp-content\/uploads\/2025\/12\/bolsasaportada.jpg 434w, https:\/\/tiendaenlinea.productoselzorro.com\/wp-content\/uploads\/2025\/12\/bolsasaportada-300x299.jpg 300w, https:\/\/tiendaenlinea.productoselzorro.com\/wp-content\/uploads\/2025\/12\/bolsasaportada-150x150.jpg 150w, https:\/\/tiendaenlinea.productoselzorro.com\/wp-content\/uploads\/2025\/12\/bolsasaportada-12x12.jpg 12w, https:\/\/tiendaenlinea.productoselzorro.com\/wp-content\/uploads\/2025\/12\/bolsasaportada-120x120.jpg 120w\" sizes=\"(max-width: 434px) 100vw, 434px\" \/>                                <\/a>\n                            <\/div>\n                                                        <div class=\"ht-category-content-5\">\n                                <h3><a href=\"https:\/\/tiendaenlinea.productoselzorro.com\/en\/product-category\/productosparanegocio\/bolsadeasa\/\">Bolsa de ASA<\/a><\/h3>\n                            <\/div>\n                                                    <\/div>\n\n                    \n                <\/div>\n                                <div class=\"wl-col-4\">\n\n                                            <div class=\"ht-category-wrap\">\n                                                        <div class=\"ht-category-image-3 ht-category-image-zoom\">\n                                <a href=\"https:\/\/tiendaenlinea.productoselzorro.com\/en\/product-category\/productosparanegocio\/bolsadebasura\/\">\n                                    <img decoding=\"async\" width=\"434\" height=\"432\" src=\"https:\/\/tiendaenlinea.productoselzorro.com\/wp-content\/uploads\/2025\/12\/bolsanegra90x120.jpg\" class=\"attachment-full size-full\" alt=\"\" srcset=\"https:\/\/tiendaenlinea.productoselzorro.com\/wp-content\/uploads\/2025\/12\/bolsanegra90x120.jpg 434w, https:\/\/tiendaenlinea.productoselzorro.com\/wp-content\/uploads\/2025\/12\/bolsanegra90x120-300x299.jpg 300w, https:\/\/tiendaenlinea.productoselzorro.com\/wp-content\/uploads\/2025\/12\/bolsanegra90x120-150x150.jpg 150w, https:\/\/tiendaenlinea.productoselzorro.com\/wp-content\/uploads\/2025\/12\/bolsanegra90x120-12x12.jpg 12w, https:\/\/tiendaenlinea.productoselzorro.com\/wp-content\/uploads\/2025\/12\/bolsanegra90x120-120x120.jpg 120w\" sizes=\"(max-width: 434px) 100vw, 434px\" \/>                                <\/a>\n                            <\/div>\n                                                        <div class=\"ht-category-content-5\">\n                                <h3><a href=\"https:\/\/tiendaenlinea.productoselzorro.com\/en\/product-category\/productosparanegocio\/bolsadebasura\/\">Bolsa de Basura Negocio<\/a><\/h3>\n                            <\/div>\n                                                    <\/div>\n\n                    \n                <\/div>\n                                <div class=\"wl-col-4\">\n\n                                            <div class=\"ht-category-wrap\">\n                                                        <div class=\"ht-category-image-3 ht-category-image-zoom\">\n                                <a href=\"https:\/\/tiendaenlinea.productoselzorro.com\/en\/product-category\/productosparanegocio\/bolsaenrollo\/\">\n                                    <img decoding=\"async\" width=\"434\" height=\"432\" src=\"https:\/\/tiendaenlinea.productoselzorro.com\/wp-content\/uploads\/2025\/12\/bolsaenrolloportada.jpg\" class=\"attachment-full size-full\" alt=\"\" srcset=\"https:\/\/tiendaenlinea.productoselzorro.com\/wp-content\/uploads\/2025\/12\/bolsaenrolloportada.jpg 434w, https:\/\/tiendaenlinea.productoselzorro.com\/wp-content\/uploads\/2025\/12\/bolsaenrolloportada-300x299.jpg 300w, https:\/\/tiendaenlinea.productoselzorro.com\/wp-content\/uploads\/2025\/12\/bolsaenrolloportada-150x150.jpg 150w, https:\/\/tiendaenlinea.productoselzorro.com\/wp-content\/uploads\/2025\/12\/bolsaenrolloportada-12x12.jpg 12w, https:\/\/tiendaenlinea.productoselzorro.com\/wp-content\/uploads\/2025\/12\/bolsaenrolloportada-120x120.jpg 120w\" sizes=\"(max-width: 434px) 100vw, 434px\" \/>                                <\/a>\n                            <\/div>\n                                                        <div class=\"ht-category-content-5\">\n                                <h3><a href=\"https:\/\/tiendaenlinea.productoselzorro.com\/en\/product-category\/productosparanegocio\/bolsaenrollo\/\">Bolsa en Rollo<\/a><\/h3>\n                            <\/div>\n                                                    <\/div>\n\n                    \n                <\/div>\n                                <div class=\"wl-col-4\">\n\n                                            <div class=\"ht-category-wrap\">\n                                                        <div class=\"ht-category-image-3 ht-category-image-zoom\">\n                                <a href=\"https:\/\/tiendaenlinea.productoselzorro.com\/en\/product-category\/productosparanegocio\/contenedorestermicos\/\">\n                                    <img loading=\"lazy\" decoding=\"async\" width=\"421\" height=\"426\" src=\"https:\/\/tiendaenlinea.productoselzorro.com\/wp-content\/uploads\/2025\/12\/7x7division2.jpg\" class=\"attachment-full size-full\" alt=\"\" srcset=\"https:\/\/tiendaenlinea.productoselzorro.com\/wp-content\/uploads\/2025\/12\/7x7division2.jpg 421w, https:\/\/tiendaenlinea.productoselzorro.com\/wp-content\/uploads\/2025\/12\/7x7division2-296x300.jpg 296w, https:\/\/tiendaenlinea.productoselzorro.com\/wp-content\/uploads\/2025\/12\/7x7division2-12x12.jpg 12w, https:\/\/tiendaenlinea.productoselzorro.com\/wp-content\/uploads\/2025\/12\/7x7division2-120x120.jpg 120w, https:\/\/tiendaenlinea.productoselzorro.com\/wp-content\/uploads\/2025\/12\/7x7division2-300x304.jpg 300w\" sizes=\"(max-width: 421px) 100vw, 421px\" \/>                                <\/a>\n                            <\/div>\n                                                        <div class=\"ht-category-content-5\">\n                                <h3><a href=\"https:\/\/tiendaenlinea.productoselzorro.com\/en\/product-category\/productosparanegocio\/contenedorestermicos\/\">Contenedores T\u00e9rmicos<\/a><\/h3>\n                            <\/div>\n                                                    <\/div>\n\n                    \n                <\/div>\n                                <div class=\"wl-col-4\">\n\n                                            <div class=\"ht-category-wrap\">\n                                                        <div class=\"ht-category-image-3 ht-category-image-zoom\">\n                                <a href=\"https:\/\/tiendaenlinea.productoselzorro.com\/en\/product-category\/productosparanegocio\/cubiertosparanegocio\/\">\n                                    <img loading=\"lazy\" decoding=\"async\" width=\"500\" height=\"459\" src=\"https:\/\/tiendaenlinea.productoselzorro.com\/wp-content\/uploads\/2025\/10\/cucharaJumbo2.jpg\" class=\"attachment-full size-full\" alt=\"\" srcset=\"https:\/\/tiendaenlinea.productoselzorro.com\/wp-content\/uploads\/2025\/10\/cucharaJumbo2.jpg 500w, https:\/\/tiendaenlinea.productoselzorro.com\/wp-content\/uploads\/2025\/10\/cucharaJumbo2-300x275.jpg 300w, https:\/\/tiendaenlinea.productoselzorro.com\/wp-content\/uploads\/2025\/10\/cucharaJumbo2-120x110.jpg 120w\" sizes=\"(max-width: 500px) 100vw, 500px\" \/>                                <\/a>\n                            <\/div>\n                                                        <div class=\"ht-category-content-5\">\n                                <h3><a href=\"https:\/\/tiendaenlinea.productoselzorro.com\/en\/product-category\/productosparanegocio\/cubiertosparanegocio\/\">Cubiertos Para Negocio<\/a><\/h3>\n                            <\/div>\n                                                    <\/div>\n\n                    \n                <\/div>\n                                <div class=\"wl-col-4\">\n\n                                            <div class=\"ht-category-wrap\">\n                                                        <div class=\"ht-category-image-3 ht-category-image-zoom\">\n                                <a href=\"https:\/\/tiendaenlinea.productoselzorro.com\/en\/product-category\/productosparanegocio\/papelhigienico\/\">\n                                    <img loading=\"lazy\" decoding=\"async\" width=\"434\" height=\"432\" src=\"https:\/\/tiendaenlinea.productoselzorro.com\/wp-content\/uploads\/2025\/12\/papelenbobina.jpg\" class=\"attachment-full size-full\" alt=\"\" srcset=\"https:\/\/tiendaenlinea.productoselzorro.com\/wp-content\/uploads\/2025\/12\/papelenbobina.jpg 434w, https:\/\/tiendaenlinea.productoselzorro.com\/wp-content\/uploads\/2025\/12\/papelenbobina-300x299.jpg 300w, https:\/\/tiendaenlinea.productoselzorro.com\/wp-content\/uploads\/2025\/12\/papelenbobina-150x150.jpg 150w, https:\/\/tiendaenlinea.productoselzorro.com\/wp-content\/uploads\/2025\/12\/papelenbobina-12x12.jpg 12w, https:\/\/tiendaenlinea.productoselzorro.com\/wp-content\/uploads\/2025\/12\/papelenbobina-120x120.jpg 120w\" sizes=\"(max-width: 434px) 100vw, 434px\" \/>                                <\/a>\n                            <\/div>\n                                                        <div class=\"ht-category-content-5\">\n                                <h3><a href=\"https:\/\/tiendaenlinea.productoselzorro.com\/en\/product-category\/productosparanegocio\/papelhigienico\/\">Papel Higi\u00e9nico<\/a><\/h3>\n                            <\/div>\n                                                    <\/div>\n\n                    \n                <\/div>\n                                <div class=\"wl-col-4\">\n\n                                            <div class=\"ht-category-wrap\">\n                                                        <div class=\"ht-category-image-3 ht-category-image-zoom\">\n                                <a href=\"https:\/\/tiendaenlinea.productoselzorro.com\/en\/product-category\/productosparanegocio\/platosnegocio\/\">\n                                    <img loading=\"lazy\" decoding=\"async\" width=\"402\" height=\"426\" src=\"https:\/\/tiendaenlinea.productoselzorro.com\/wp-content\/uploads\/2025\/12\/855colchonv2.jpg\" class=\"attachment-full size-full\" alt=\"\" srcset=\"https:\/\/tiendaenlinea.productoselzorro.com\/wp-content\/uploads\/2025\/12\/855colchonv2.jpg 402w, https:\/\/tiendaenlinea.productoselzorro.com\/wp-content\/uploads\/2025\/12\/855colchonv2-283x300.jpg 283w, https:\/\/tiendaenlinea.productoselzorro.com\/wp-content\/uploads\/2025\/12\/855colchonv2-11x12.jpg 11w, https:\/\/tiendaenlinea.productoselzorro.com\/wp-content\/uploads\/2025\/12\/855colchonv2-113x120.jpg 113w, https:\/\/tiendaenlinea.productoselzorro.com\/wp-content\/uploads\/2025\/12\/855colchonv2-300x318.jpg 300w\" sizes=\"(max-width: 402px) 100vw, 402px\" \/>                                <\/a>\n                            <\/div>\n                                                        <div class=\"ht-category-content-5\">\n                                <h3><a href=\"https:\/\/tiendaenlinea.productoselzorro.com\/en\/product-category\/productosparanegocio\/platosnegocio\/\">Platos Para Negocio<\/a><\/h3>\n                            <\/div>\n                                                    <\/div>\n\n                    \n                <\/div>\n                                <div class=\"wl-col-4\">\n\n                                            <div class=\"ht-category-wrap\">\n                                                        <div class=\"ht-category-image-3 ht-category-image-zoom\">\n                                <a href=\"https:\/\/tiendaenlinea.productoselzorro.com\/en\/product-category\/productosparanegocio\/servilletasparanegocio\/\">\n                                    <img loading=\"lazy\" decoding=\"async\" width=\"434\" height=\"432\" src=\"https:\/\/tiendaenlinea.productoselzorro.com\/wp-content\/uploads\/2025\/12\/servilletasPrueba.jpg\" class=\"attachment-full size-full\" alt=\"\" srcset=\"https:\/\/tiendaenlinea.productoselzorro.com\/wp-content\/uploads\/2025\/12\/servilletasPrueba.jpg 434w, https:\/\/tiendaenlinea.productoselzorro.com\/wp-content\/uploads\/2025\/12\/servilletasPrueba-300x299.jpg 300w, https:\/\/tiendaenlinea.productoselzorro.com\/wp-content\/uploads\/2025\/12\/servilletasPrueba-150x150.jpg 150w, https:\/\/tiendaenlinea.productoselzorro.com\/wp-content\/uploads\/2025\/12\/servilletasPrueba-12x12.jpg 12w, https:\/\/tiendaenlinea.productoselzorro.com\/wp-content\/uploads\/2025\/12\/servilletasPrueba-120x120.jpg 120w\" sizes=\"(max-width: 434px) 100vw, 434px\" \/>                                <\/a>\n                            <\/div>\n                                                        <div class=\"ht-category-content-5\">\n                                <h3><a href=\"https:\/\/tiendaenlinea.productoselzorro.com\/en\/product-category\/productosparanegocio\/servilletasparanegocio\/\">Servilletas Para Negocio<\/a><\/h3>\n                            <\/div>\n                                                    <\/div>\n\n                    \n                <\/div>\n                                <div class=\"wl-col-4\">\n\n                                            <div class=\"ht-category-wrap\">\n                                                        <div class=\"ht-category-image-3 ht-category-image-zoom\">\n                                <a href=\"https:\/\/tiendaenlinea.productoselzorro.com\/en\/product-category\/productosparanegocio\/vasosplasticos\/\">\n                                    <img loading=\"lazy\" decoding=\"async\" width=\"500\" height=\"509\" src=\"https:\/\/tiendaenlinea.productoselzorro.com\/wp-content\/uploads\/2025\/10\/vasop16l1.jpg\" class=\"attachment-full size-full\" alt=\"\" srcset=\"https:\/\/tiendaenlinea.productoselzorro.com\/wp-content\/uploads\/2025\/10\/vasop16l1.jpg 500w, https:\/\/tiendaenlinea.productoselzorro.com\/wp-content\/uploads\/2025\/10\/vasop16l1-295x300.jpg 295w, https:\/\/tiendaenlinea.productoselzorro.com\/wp-content\/uploads\/2025\/10\/vasop16l1-118x120.jpg 118w, https:\/\/tiendaenlinea.productoselzorro.com\/wp-content\/uploads\/2025\/10\/vasop16l1-300x305.jpg 300w\" sizes=\"(max-width: 500px) 100vw, 500px\" \/>                                <\/a>\n                            <\/div>\n                                                        <div class=\"ht-category-content-5\">\n                                <h3><a href=\"https:\/\/tiendaenlinea.productoselzorro.com\/en\/product-category\/productosparanegocio\/vasosplasticos\/\">Vasos Pl\u00e1sticos<\/a><\/h3>\n                            <\/div>\n                                                    <\/div>\n\n                    \n                <\/div>\n                                <div class=\"wl-col-4\">\n\n                                            <div class=\"ht-category-wrap\">\n                                                        <div class=\"ht-category-image-3 ht-category-image-zoom\">\n                                <a href=\"https:\/\/tiendaenlinea.productoselzorro.com\/en\/product-category\/productosparanegocio\/vasostermicosnegocio\/\">\n                                    <img loading=\"lazy\" decoding=\"async\" width=\"434\" height=\"432\" src=\"https:\/\/tiendaenlinea.productoselzorro.com\/wp-content\/uploads\/2025\/12\/vasotermicoportada.jpg\" class=\"attachment-full size-full\" alt=\"Vaso termico\" srcset=\"https:\/\/tiendaenlinea.productoselzorro.com\/wp-content\/uploads\/2025\/12\/vasotermicoportada.jpg 434w, https:\/\/tiendaenlinea.productoselzorro.com\/wp-content\/uploads\/2025\/12\/vasotermicoportada-300x299.jpg 300w, https:\/\/tiendaenlinea.productoselzorro.com\/wp-content\/uploads\/2025\/12\/vasotermicoportada-150x150.jpg 150w, https:\/\/tiendaenlinea.productoselzorro.com\/wp-content\/uploads\/2025\/12\/vasotermicoportada-12x12.jpg 12w, https:\/\/tiendaenlinea.productoselzorro.com\/wp-content\/uploads\/2025\/12\/vasotermicoportada-120x120.jpg 120w\" sizes=\"(max-width: 434px) 100vw, 434px\" \/>                                <\/a>\n                            <\/div>\n                                                        <div class=\"ht-category-content-5\">\n                                <h3><a href=\"https:\/\/tiendaenlinea.productoselzorro.com\/en\/product-category\/productosparanegocio\/vasostermicosnegocio\/\">Vasos T\u00e9rmicos<\/a><\/h3>\n                            <\/div>\n                                                    <\/div>\n\n                    \n                <\/div>\n                <\/div>\t\t\t\t<\/div>\n\t\t\t\t<\/div>\n\t\t\t\t<\/div>\n\t\t\t\t<\/div>","protected":false},"excerpt":{"rendered":"<p>Inicio Desechables Para Negocio Departamentos Abarrotes Desechables Dulcer\u00eda Productos de Limpieza Productos para Negocio Bolsa de ASA Bolsa de Basura Bolsa en Rollo Contenedores T\u00e9rmicos Cubiertos Para Negocio Papel Higi\u00e9nico&#8230;<\/p>","protected":false},"author":1,"featured_media":0,"parent":0,"menu_order":0,"comment_status":"closed","ping_status":"closed","template":"elementor_header_footer","meta":{"footnotes":""},"class_list":["post-15239","page","type-page","status-publish","hentry"],"jetpack_sharing_enabled":true,"_links":{"self":[{"href":"https:\/\/tiendaenlinea.productoselzorro.com\/en\/wp-json\/wp\/v2\/pages\/15239","targetHints":{"allow":["GET"]}}],"collection":[{"href":"https:\/\/tiendaenlinea.productoselzorro.com\/en\/wp-json\/wp\/v2\/pages"}],"about":[{"href":"https:\/\/tiendaenlinea.productoselzorro.com\/en\/wp-json\/wp\/v2\/types\/page"}],"author":[{"embeddable":true,"href":"https:\/\/tiendaenlinea.productoselzorro.com\/en\/wp-json\/wp\/v2\/users\/1"}],"replies":[{"embeddable":true,"href":"https:\/\/tiendaenlinea.productoselzorro.com\/en\/wp-json\/wp\/v2\/comments?post=15239"}],"version-history":[{"count":55,"href":"https:\/\/tiendaenlinea.productoselzorro.com\/en\/wp-json\/wp\/v2\/pages\/15239\/revisions"}],"predecessor-version":[{"id":15314,"href":"https:\/\/tiendaenlinea.productoselzorro.com\/en\/wp-json\/wp\/v2\/pages\/15239\/revisions\/15314"}],"wp:attachment":[{"href":"https:\/\/tiendaenlinea.productoselzorro.com\/en\/wp-json\/wp\/v2\/media?parent=15239"}],"curies":[{"name":"wp","href":"https:\/\/api.w.org\/{rel}","templated":true}]}}